{"id":1451,"date":"2025-03-17T06:28:51","date_gmt":"2025-03-17T10:28:51","guid":{"rendered":"https:\/\/mnmsports.com\/product\/etiquette-pour-sac\/"},"modified":"2025-10-08T15:55:33","modified_gmt":"2025-10-08T19:55:33","slug":"etiquette-pour-sac","status":"publish","type":"product","link":"https:\/\/mnmsports.com\/fr\/produit\/etiquette-pour-sac\/","title":{"rendered":"\u00c9tiquette pour sac"},"content":{"rendered":"","protected":false},"excerpt":{"rendered":"<p>L\u2019\u00e9tiquette pour sac est fabriqu\u00e9e de 100% feutre, offrant \u00e0 la fois r\u00e9sistance et flexibilit\u00e9. Elle est imprim\u00e9e des deux c\u00f4t\u00e9s pour plus de visibilit\u00e9 et style. <\/p>\n","protected":false},"featured_media":1696,"template":"","meta":[],"product_brand":[],"product_cat":[51,52],"product_tag":[98],"class_list":{"0":"post-1451","1":"product","2":"type-product","3":"status-publish","4":"has-post-thumbnail","6":"product_cat-accessoires","7":"product_cat-sacs","8":"product_tag-accessoires","10":"first","11":"instock","12":"sold-individually","13":"shipping-taxable","14":"purchasable","15":"product-type-simple"},"_links":{"self":[{"href":"https:\/\/mnmsports.com\/fr\/wp-json\/wp\/v2\/product\/1451","targetHints":{"allow":["GET"]}}],"collection":[{"href":"https:\/\/mnmsports.com\/fr\/wp-json\/wp\/v2\/product"}],"about":[{"href":"https:\/\/mnmsports.com\/fr\/wp-json\/wp\/v2\/types\/product"}],"wp:featuredmedia":[{"embeddable":true,"href":"https:\/\/mnmsports.com\/fr\/wp-json\/wp\/v2\/media\/1696"}],"wp:attachment":[{"href":"https:\/\/mnmsports.com\/fr\/wp-json\/wp\/v2\/media?parent=1451"}],"wp:term":[{"taxonomy":"product_brand","embeddable":true,"href":"https:\/\/mnmsports.com\/fr\/wp-json\/wp\/v2\/product_brand?post=1451"},{"taxonomy":"product_cat","embeddable":true,"href":"https:\/\/mnmsports.com\/fr\/wp-json\/wp\/v2\/product_cat?post=1451"},{"taxonomy":"product_tag","embeddable":true,"href":"https:\/\/mnmsports.com\/fr\/wp-json\/wp\/v2\/product_tag?post=1451"}],"curies":[{"name":"wp","href":"https:\/\/api.w.org\/{rel}","templated":true}]}}