{"id":1450,"date":"2025-03-17T06:28:52","date_gmt":"2025-03-17T10:28:52","guid":{"rendered":"https:\/\/mnmsports.com\/product\/cache-cou\/"},"modified":"2025-10-08T15:55:57","modified_gmt":"2025-10-08T19:55:57","slug":"cache-cou","status":"publish","type":"product","link":"https:\/\/mnmsports.com\/fr\/produit\/cache-cou\/","title":{"rendered":"Cache-cou"},"content":{"rendered":"","protected":false},"excerpt":{"rendered":"<p>Le cache-cou est fabriqu\u00e9 dans un mat\u00e9riau doux et durable, offrant confort et protection. Il est dot\u00e9 d\u2019une impression durable, pour un accessoire \u00e0 la fois pratique et styl\u00e9. <\/p>\n","protected":false},"featured_media":1734,"template":"","meta":[],"product_brand":[],"product_cat":[51],"product_tag":[98],"class_list":{"0":"post-1450","1":"product","2":"type-product","3":"status-publish","4":"has-post-thumbnail","6":"product_cat-accessoires","7":"product_tag-accessoires","9":"first","10":"instock","11":"sold-individually","12":"shipping-taxable","13":"purchasable","14":"product-type-simple"},"_links":{"self":[{"href":"https:\/\/mnmsports.com\/fr\/wp-json\/wp\/v2\/product\/1450","targetHints":{"allow":["GET"]}}],"collection":[{"href":"https:\/\/mnmsports.com\/fr\/wp-json\/wp\/v2\/product"}],"about":[{"href":"https:\/\/mnmsports.com\/fr\/wp-json\/wp\/v2\/types\/product"}],"wp:featuredmedia":[{"embeddable":true,"href":"https:\/\/mnmsports.com\/fr\/wp-json\/wp\/v2\/media\/1734"}],"wp:attachment":[{"href":"https:\/\/mnmsports.com\/fr\/wp-json\/wp\/v2\/media?parent=1450"}],"wp:term":[{"taxonomy":"product_brand","embeddable":true,"href":"https:\/\/mnmsports.com\/fr\/wp-json\/wp\/v2\/product_brand?post=1450"},{"taxonomy":"product_cat","embeddable":true,"href":"https:\/\/mnmsports.com\/fr\/wp-json\/wp\/v2\/product_cat?post=1450"},{"taxonomy":"product_tag","embeddable":true,"href":"https:\/\/mnmsports.com\/fr\/wp-json\/wp\/v2\/product_tag?post=1450"}],"curies":[{"name":"wp","href":"https:\/\/api.w.org\/{rel}","templated":true}]}}