{"id":1448,"date":"2025-03-17T06:28:52","date_gmt":"2025-03-17T10:28:52","guid":{"rendered":"https:\/\/mnmsports.com\/product\/protege-lame\/"},"modified":"2025-10-08T14:45:06","modified_gmt":"2025-10-08T18:45:06","slug":"protege-lame","status":"publish","type":"product","link":"https:\/\/mnmsports.com\/fr\/produit\/protege-lame\/","title":{"rendered":"Prot\u00e8ge-lame"},"content":{"rendered":"","protected":false},"excerpt":{"rendered":"<p>Les prot\u00e8ge-lames sont dot\u00e9s d\u2019un ext\u00e9rieur en polyester durable et d\u2019un int\u00e9rieur en tissu \u00e9ponge noir absorbant, offrant protection et confort \u00e0 vos patins.<\/p>\n","protected":false},"featured_media":1742,"template":"","meta":[],"product_brand":[],"product_cat":[51,59,61],"product_tag":[98],"class_list":{"0":"post-1448","1":"product","2":"type-product","3":"status-publish","4":"has-post-thumbnail","6":"product_cat-accessoires","7":"product_cat-hockey-fr","8":"product_cat-ringuette","9":"product_tag-accessoires","11":"first","12":"instock","13":"sold-individually","14":"shipping-taxable","15":"purchasable","16":"product-type-simple"},"_links":{"self":[{"href":"https:\/\/mnmsports.com\/fr\/wp-json\/wp\/v2\/product\/1448","targetHints":{"allow":["GET"]}}],"collection":[{"href":"https:\/\/mnmsports.com\/fr\/wp-json\/wp\/v2\/product"}],"about":[{"href":"https:\/\/mnmsports.com\/fr\/wp-json\/wp\/v2\/types\/product"}],"wp:featuredmedia":[{"embeddable":true,"href":"https:\/\/mnmsports.com\/fr\/wp-json\/wp\/v2\/media\/1742"}],"wp:attachment":[{"href":"https:\/\/mnmsports.com\/fr\/wp-json\/wp\/v2\/media?parent=1448"}],"wp:term":[{"taxonomy":"product_brand","embeddable":true,"href":"https:\/\/mnmsports.com\/fr\/wp-json\/wp\/v2\/product_brand?post=1448"},{"taxonomy":"product_cat","embeddable":true,"href":"https:\/\/mnmsports.com\/fr\/wp-json\/wp\/v2\/product_cat?post=1448"},{"taxonomy":"product_tag","embeddable":true,"href":"https:\/\/mnmsports.com\/fr\/wp-json\/wp\/v2\/product_tag?post=1448"}],"curies":[{"name":"wp","href":"https:\/\/api.w.org\/{rel}","templated":true}]}}