{"id":1447,"date":"2025-03-17T06:28:52","date_gmt":"2025-03-17T10:28:52","guid":{"rendered":"https:\/\/mnmsports.com\/product\/manches\/"},"modified":"2025-09-24T13:07:37","modified_gmt":"2025-09-24T17:07:37","slug":"manches","status":"publish","type":"product","link":"https:\/\/mnmsports.com\/fr\/produit\/manches\/","title":{"rendered":"Manche"},"content":{"rendered":"","protected":false},"excerpt":{"rendered":"<p>La manche est fabriqu\u00e9e \u00e0 partir d\u2019un mat\u00e9riau l\u00e9ger et durable, offrant confort et soutien. Gr\u00e2ce \u00e0 une impression de longue dur\u00e9e, elle est parfaite pour un usage actif et un style affirm\u00e9. <\/p>\n","protected":false},"featured_media":1686,"template":"","meta":[],"product_brand":[],"product_cat":[51],"product_tag":[98],"class_list":{"0":"post-1447","1":"product","2":"type-product","3":"status-publish","4":"has-post-thumbnail","6":"product_cat-accessoires","7":"product_tag-accessoires","9":"first","10":"instock","11":"sold-individually","12":"shipping-taxable","13":"purchasable","14":"product-type-simple"},"_links":{"self":[{"href":"https:\/\/mnmsports.com\/fr\/wp-json\/wp\/v2\/product\/1447","targetHints":{"allow":["GET"]}}],"collection":[{"href":"https:\/\/mnmsports.com\/fr\/wp-json\/wp\/v2\/product"}],"about":[{"href":"https:\/\/mnmsports.com\/fr\/wp-json\/wp\/v2\/types\/product"}],"wp:featuredmedia":[{"embeddable":true,"href":"https:\/\/mnmsports.com\/fr\/wp-json\/wp\/v2\/media\/1686"}],"wp:attachment":[{"href":"https:\/\/mnmsports.com\/fr\/wp-json\/wp\/v2\/media?parent=1447"}],"wp:term":[{"taxonomy":"product_brand","embeddable":true,"href":"https:\/\/mnmsports.com\/fr\/wp-json\/wp\/v2\/product_brand?post=1447"},{"taxonomy":"product_cat","embeddable":true,"href":"https:\/\/mnmsports.com\/fr\/wp-json\/wp\/v2\/product_cat?post=1447"},{"taxonomy":"product_tag","embeddable":true,"href":"https:\/\/mnmsports.com\/fr\/wp-json\/wp\/v2\/product_tag?post=1447"}],"curies":[{"name":"wp","href":"https:\/\/api.w.org\/{rel}","templated":true}]}}