{"id":1428,"date":"2025-04-02T14:22:05","date_gmt":"2025-04-02T18:22:05","guid":{"rendered":"https:\/\/mnmsports.com\/product\/chandail-dek-hommes\/"},"modified":"2025-10-08T10:14:16","modified_gmt":"2025-10-08T14:14:16","slug":"chandail-dek-hommes","status":"publish","type":"product","link":"https:\/\/mnmsports.com\/fr\/produit\/chandail-dek-hommes\/","title":{"rendered":"Chandail de dek pour homme (coupe r\u00e9guli\u00e8re)"},"content":{"rendered":"","protected":false},"excerpt":{"rendered":"<p>Con\u00e7u pour le dek hockey, ce chandail sportif offre une personnalisation compl\u00e8te et des impressions durables, r\u00e9sistantes \u00e0 la d\u00e9coloration. Fabriqu\u00e9 avec un tissu haut de gamme et respirant, il garantit un confort optimal et une grande durabilit\u00e9 sur la glace. <\/p>\n","protected":false},"featured_media":1566,"template":"","meta":[],"product_brand":[],"product_cat":[58],"product_tag":[80],"class_list":{"0":"post-1428","1":"product","2":"type-product","3":"status-publish","4":"has-post-thumbnail","6":"product_cat-dek-fr","7":"product_tag-chandails","9":"first","10":"instock","11":"sold-individually","12":"shipping-taxable","13":"purchasable","14":"product-type-simple"},"_links":{"self":[{"href":"https:\/\/mnmsports.com\/fr\/wp-json\/wp\/v2\/product\/1428","targetHints":{"allow":["GET"]}}],"collection":[{"href":"https:\/\/mnmsports.com\/fr\/wp-json\/wp\/v2\/product"}],"about":[{"href":"https:\/\/mnmsports.com\/fr\/wp-json\/wp\/v2\/types\/product"}],"wp:featuredmedia":[{"embeddable":true,"href":"https:\/\/mnmsports.com\/fr\/wp-json\/wp\/v2\/media\/1566"}],"wp:attachment":[{"href":"https:\/\/mnmsports.com\/fr\/wp-json\/wp\/v2\/media?parent=1428"}],"wp:term":[{"taxonomy":"product_brand","embeddable":true,"href":"https:\/\/mnmsports.com\/fr\/wp-json\/wp\/v2\/product_brand?post=1428"},{"taxonomy":"product_cat","embeddable":true,"href":"https:\/\/mnmsports.com\/fr\/wp-json\/wp\/v2\/product_cat?post=1428"},{"taxonomy":"product_tag","embeddable":true,"href":"https:\/\/mnmsports.com\/fr\/wp-json\/wp\/v2\/product_tag?post=1428"}],"curies":[{"name":"wp","href":"https:\/\/api.w.org\/{rel}","templated":true}]}}