{"id":1427,"date":"2025-04-02T14:24:17","date_gmt":"2025-04-02T18:24:17","guid":{"rendered":"https:\/\/mnmsports.com\/product\/chandail-dek-femmes\/"},"modified":"2025-10-08T12:28:52","modified_gmt":"2025-10-08T16:28:52","slug":"chandail-dek-femmes","status":"publish","type":"product","link":"https:\/\/mnmsports.com\/fr\/produit\/chandail-dek-femmes\/","title":{"rendered":"Chandail de dek pour femme (coupe r\u00e9guli\u00e8re)"},"content":{"rendered":"","protected":false},"excerpt":{"rendered":"<p>Dot\u00e9 d&rsquo;ajustements renforc\u00e9s aux aisselles pour un meilleur confort, ce chandail respirant et personnalisable assure flexibilit\u00e9 et durabilit\u00e9. Parfait pour le dek hockey. <\/p>\n","protected":false},"featured_media":1566,"template":"","meta":[],"product_brand":[],"product_cat":[58],"product_tag":[80],"class_list":{"0":"post-1427","1":"product","2":"type-product","3":"status-publish","4":"has-post-thumbnail","6":"product_cat-dek-fr","7":"product_tag-chandails","9":"first","10":"instock","11":"sold-individually","12":"shipping-taxable","13":"purchasable","14":"product-type-simple"},"_links":{"self":[{"href":"https:\/\/mnmsports.com\/fr\/wp-json\/wp\/v2\/product\/1427","targetHints":{"allow":["GET"]}}],"collection":[{"href":"https:\/\/mnmsports.com\/fr\/wp-json\/wp\/v2\/product"}],"about":[{"href":"https:\/\/mnmsports.com\/fr\/wp-json\/wp\/v2\/types\/product"}],"wp:featuredmedia":[{"embeddable":true,"href":"https:\/\/mnmsports.com\/fr\/wp-json\/wp\/v2\/media\/1566"}],"wp:attachment":[{"href":"https:\/\/mnmsports.com\/fr\/wp-json\/wp\/v2\/media?parent=1427"}],"wp:term":[{"taxonomy":"product_brand","embeddable":true,"href":"https:\/\/mnmsports.com\/fr\/wp-json\/wp\/v2\/product_brand?post=1427"},{"taxonomy":"product_cat","embeddable":true,"href":"https:\/\/mnmsports.com\/fr\/wp-json\/wp\/v2\/product_cat?post=1427"},{"taxonomy":"product_tag","embeddable":true,"href":"https:\/\/mnmsports.com\/fr\/wp-json\/wp\/v2\/product_tag?post=1427"}],"curies":[{"name":"wp","href":"https:\/\/api.w.org\/{rel}","templated":true}]}}